{"id":13941,"date":"2017-03-30T09:27:32","date_gmt":"2017-03-30T09:27:32","guid":{"rendered":"https:\/\/goodwish.qodeinteractive.com\/?page_id=13941"},"modified":"2026-02-12T18:08:01","modified_gmt":"2026-02-12T18:08:01","slug":"contact-us","status":"publish","type":"page","link":"https:\/\/eduardovelaruiz.org\/?page_id=13941","title":{"rendered":"Contacto"},"content":{"rendered":"<div class=\"wpb-content-wrapper\"><p>[vc_row content_width=&#8221;grid&#8221; css=&#8221;.vc_custom_1491468920212{padding-bottom: 30px !important;}&#8221;][vc_column offset=&#8221;vc_col-lg-6 vc_col-md-6 vc_col-xs-12&#8243;][vc_column_text]<\/p>\n<h2>Comun\u00edcate con nosotros<\/h2>\n<p>[\/vc_column_text]<div class=\"edgtf-separator-holder clearfix  edgtf-separator-left\">\n\t<div class=\"edgtf-separator\" style=\"border-color: #1e73be;width: 50px;border-bottom-width: 3px;margin-top: 25px;margin-bottom: 25px\"><\/div>\n<\/div>\n[vc_column_text]Nos encantar\u00eda conocer tus comentarios y que formes parte de este equipo. Comp\u00e1rtenos tu informaci\u00f3n y nos pondremos en contacto contigo.[\/vc_column_text][vc_empty_space height=&#8221;60px&#8221;]\n<div class=\"wpcf7 no-js\" id=\"wpcf7-f17960-o1\" lang=\"es-MX\" dir=\"ltr\">\n<div class=\"screen-reader-response\"><p role=\"status\" aria-live=\"polite\" aria-atomic=\"true\"><\/p> <ul><\/ul><\/div>\n<form action=\"\/index.php?rest_route=%2Fwp%2Fv2%2Fpages%2F13941#wpcf7-f17960-o1\" method=\"post\" class=\"wpcf7-form init cf7_custom_style_1\" aria-label=\"Formulario de contacto\" novalidate=\"novalidate\" data-status=\"init\">\n<div style=\"display: none;\">\n<input type=\"hidden\" name=\"_wpcf7\" value=\"17960\" \/>\n<input type=\"hidden\" name=\"_wpcf7_version\" value=\"5.9.8\" \/>\n<input type=\"hidden\" name=\"_wpcf7_locale\" value=\"es_MX\" \/>\n<input type=\"hidden\" name=\"_wpcf7_unit_tag\" value=\"wpcf7-f17960-o1\" \/>\n<input type=\"hidden\" name=\"_wpcf7_container_post\" value=\"0\" \/>\n<input type=\"hidden\" name=\"_wpcf7_posted_data_hash\" value=\"\" \/>\n<input type=\"hidden\" name=\"_wpcf7_recaptcha_response\" value=\"\" \/>\n<\/div>\n<div class=\"uacf7-form-17960\"><label> Nombre\n    <span class=\"wpcf7-form-control-wrap\" data-name=\"your-name\"><input size=\"40\" maxlength=\"400\" class=\"wpcf7-form-control wpcf7-text wpcf7-validates-as-required\" autocomplete=\"name\" aria-required=\"true\" aria-invalid=\"false\" value=\"\" type=\"text\" name=\"your-name\" \/><\/span> <\/label>\n\n<label> Correo electr\u00f3nico\n    <span class=\"wpcf7-form-control-wrap\" data-name=\"your-email\"><input size=\"40\" maxlength=\"400\" class=\"wpcf7-form-control wpcf7-email wpcf7-validates-as-required wpcf7-text wpcf7-validates-as-email\" autocomplete=\"email\" aria-required=\"true\" aria-invalid=\"false\" value=\"\" type=\"email\" name=\"your-email\" \/><\/span> <\/label>\n\n<label> Mensaje \n    <span class=\"wpcf7-form-control-wrap\" data-name=\"your-message\"><textarea cols=\"40\" rows=\"10\" maxlength=\"2000\" class=\"wpcf7-form-control wpcf7-textarea wpcf7-validates-as-required\" aria-required=\"true\" aria-invalid=\"false\" name=\"your-message\"><\/textarea><\/span> <\/label>\n\n<span class=\"wpcf7-form-control-wrap\" data-name=\"quiz-362\"><label><span class=\"wpcf7-quiz-label\">Cuanto es 20 + 5<\/span> <input size=\"40\" class=\"wpcf7-form-control wpcf7-quiz\" id=\"prueba\" autocomplete=\"off\" aria-required=\"true\" aria-invalid=\"false\" type=\"text\" name=\"quiz-362\" \/><\/label><input type=\"hidden\" name=\"_wpcf7_quiz_answer_quiz-362\" value=\"93410b943c5afad361d4ca1b7caa2215\" \/><\/span>\n<span class=\"wpcf7-form-control-wrap recaptcha\" data-name=\"recaptcha\"><span data-sitekey=\"6LfwbfYpAAAAAFo1v8WDomb3sjE9ATTglaCDGN2l\" class=\"wpcf7-form-control wpcf7-recaptcha g-recaptcha\"><\/span>\r\n<noscript>\r\n\t<div class=\"grecaptcha-noscript\">\r\n\t\t<iframe src=\"https:\/\/www.google.com\/recaptcha\/api\/fallback?k=6LfwbfYpAAAAAFo1v8WDomb3sjE9ATTglaCDGN2l\" frameborder=\"0\" scrolling=\"no\" width=\"310\" height=\"430\">\r\n\t\t<\/iframe>\r\n\t\t<textarea name=\"g-recaptcha-response\" rows=\"3\" cols=\"40\" placeholder=\"Aqu\u00ed la respuesta de reCAPTCHA\">\r\n\t\t<\/textarea>\r\n\t<\/div>\r\n<\/noscript>\r\n<\/span> \n<input class=\"wpcf7-form-control wpcf7-submit has-spinner\" type=\"submit\" value=\"Enviar\" \/><\/div><div class=\"wpcf7-response-output\" aria-hidden=\"true\"><\/div>\n<\/form>\n<\/div>\n[vc_empty_space height=&#8221;60px&#8221;][\/vc_column][vc_column offset=&#8221;vc_col-lg-6 vc_col-md-6 vc_col-xs-12&#8243;][vc_column_text]<\/p>\n<h2>O si prefieres enviar un correo a:<\/h2>\n<p>[\/vc_column_text]<div class=\"edgtf-separator-holder clearfix  edgtf-separator-left\">\n\t<div class=\"edgtf-separator\" style=\"border-color: #1e73be;width: 50px;border-bottom-width: 3px;margin-top: 25px;margin-bottom: 25px\"><\/div>\n<\/div>\n[vc_column_text][\/vc_column_text][vc_empty_space height=&#8221;35px&#8221;]<div class=\"edgtf-elements-holder edgtf-two-columns edgtf-responsive-mode-768\" ><div class=\"edgtf-elements-holder-item \" data-item-class=\"edgtf-elements-holder-custom-324348\" data-600-768=\"4% 0% 4% 0%\" data-480-600=\"4% 0% 4% 0%\" data-480=\"4% 0% 4% 0%\" >\n\t\t<div class=\"edgtf-elements-holder-item-inner\">\n\t\t<div class=\"edgtf-elements-holder-item-content edgtf-elements-holder-custom-324348\" style=\"padding: 10% 0% 10% 0%\">\n\t\t\t<div class=\"edgtf-iwt clearfix edgtf-iwt-icon-left edgtf-iwt-icon-tiny\">\n    <div class=\"edgtf-iwt-icon-holder\">\n                    \n    <span class=\"edgtf-icon-shortcode normal edgtf-icon-tiny\"  data-color=\"#1e73be\">\n        \n        <span aria-hidden=\"true\" class=\"edgtf-icon-font-elegant icon_mail_alt edgtf-icon-element\" style=\"color: #1e73be\" ><\/span>\n            <\/span>\n\n            <\/div>\n    <div class=\"edgtf-iwt-content-holder\" >\n        <div class=\"edgtf-iwt-title-holder\">\n\t\t\t                                    <a itemprop=\"url\" class=\"edgtf-iwt-link\" href=\"http:\/\/becas@eduardovelaruiz.org\" target=\"_blank\">\n                                    <h4 style=\"color: #1e73be\">Email<\/h4>\n                                    <\/a>\n                                    <\/div>\n        <div class=\"edgtf-iwt-text-holder\">\n            <p >becas@eduardovelaruiz.org<\/p>\n\n                    <\/div>\n    <\/div>\n<\/div>\t\t<\/div>\n\t<\/div>\n\t<\/div><\/div>[vc_empty_space height=&#8221;60px&#8221;][\/vc_column][\/vc_row][vc_row content_width=&#8221;grid&#8221; css=&#8221;.vc_custom_1719502920907{padding-top: 70px !important;padding-bottom: 70px !important;background-image: url(https:\/\/eduardovelaruiz.org\/wp-content\/uploads\/2017\/03\/h6-background-img-1.jpg?id=14536) !important;}&#8221; el_class=&#8221;ocultar&#8221;][vc_column offset=&#8221;vc_col-lg-6 vc_col-md-6 vc_col-xs-12&#8243;]<div class=\"edgtf-elements-holder edgtf-responsive-mode-768\" ><div class=\"edgtf-elements-holder-item \" data-item-class=\"edgtf-elements-holder-custom-901233\" data-1280-1600=\"0px 1% 0px 0%\" data-768-1024=\"0px 8% 0px 0%\" data-600-768=\"23px 8% 0px 4%\" data-480=\"0px 0% 50px 3%\" >\n\t\t<div class=\"edgtf-elements-holder-item-inner\">\n\t\t<div class=\"edgtf-elements-holder-item-content edgtf-elements-holder-custom-901233\" style=\"padding: 0px 10% 0px 0%\">\n\t\t\t[vc_empty_space height=&#8221;19px&#8221;][vc_column_text]<\/p>\n<h2>\u00bfTe gustar\u00eda contribuir?<\/h2>\n<p>[\/vc_column_text]<div class=\"edgtf-separator-holder clearfix  edgtf-separator-left\">\n\t<div class=\"edgtf-separator\" style=\"border-color: #1e73be;width: 55px;border-bottom-width: 3px;margin-top: 25px\"><\/div>\n<\/div>\n[vc_empty_space][vc_column_text]\u00danete a nosotros para hacer una diferencia significativa en la educaci\u00f3n, la salud y la sostenibilidad de nuestra comunidad.[\/vc_column_text][vc_empty_space height=&#8221;19px&#8221;]\t\t<\/div>\n\t<\/div>\n\t<\/div><\/div>[\/vc_column][vc_column offset=&#8221;vc_col-lg-6 vc_col-md-6 vc_col-xs-12&#8243;]<div class=\"edgtf-elements-holder edgtf-responsive-mode-768\" ><div class=\"edgtf-elements-holder-item \" data-item-class=\"edgtf-elements-holder-custom-454273\" data-1280-1600=\"0px 1% 0px 0%\" data-768-1024=\"0px 8% 0px 0%\" data-600-768=\"23px 8% 0px 4%\" data-480=\"0px 0% 50px 3%\" >\n\t\t<div class=\"edgtf-elements-holder-item-inner\">\n\t\t<div class=\"edgtf-elements-holder-item-content edgtf-elements-holder-custom-454273\" style=\"padding: 0px 10% 0px 0%\">\n\t\t\t[vc_empty_space height=&#8221;19px&#8221;][vc_column_text]<\/p>\n<h2>Registrate como voluntario<\/h2>\n<p>[\/vc_column_text]<div class=\"edgtf-separator-holder clearfix  edgtf-separator-left\">\n\t<div class=\"edgtf-separator\" style=\"border-color: #1e73be;width: 55px;border-bottom-width: 3px;margin-top: 25px\"><\/div>\n<\/div>\n[vc_empty_space]\n<div class=\"wpcf7 no-js\" id=\"wpcf7-f18248-o2\" lang=\"es-MX\" dir=\"ltr\">\n<div class=\"screen-reader-response\"><p role=\"status\" aria-live=\"polite\" aria-atomic=\"true\"><\/p> <ul><\/ul><\/div>\n<form action=\"\/index.php?rest_route=%2Fwp%2Fv2%2Fpages%2F13941#wpcf7-f18248-o2\" method=\"post\" class=\"wpcf7-form init cf7_custom_style_1\" aria-label=\"Formulario de contacto\" novalidate=\"novalidate\" data-status=\"init\">\n<div style=\"display: none;\">\n<input type=\"hidden\" name=\"_wpcf7\" value=\"18248\" \/>\n<input type=\"hidden\" name=\"_wpcf7_version\" value=\"5.9.8\" \/>\n<input type=\"hidden\" name=\"_wpcf7_locale\" value=\"es_MX\" \/>\n<input type=\"hidden\" name=\"_wpcf7_unit_tag\" value=\"wpcf7-f18248-o2\" \/>\n<input type=\"hidden\" name=\"_wpcf7_container_post\" value=\"0\" \/>\n<input type=\"hidden\" name=\"_wpcf7_posted_data_hash\" value=\"\" \/>\n<input type=\"hidden\" name=\"_wpcf7_recaptcha_response\" value=\"\" \/>\n<\/div>\n<div class=\"uacf7-form-18248\"><label> Tu correo electr\u00f3nico\n    <span class=\"wpcf7-form-control-wrap\" data-name=\"your-email\"><input size=\"40\" maxlength=\"400\" class=\"wpcf7-form-control wpcf7-email wpcf7-validates-as-required wpcf7-text wpcf7-validates-as-email\" autocomplete=\"email\" aria-required=\"true\" aria-invalid=\"false\" value=\"\" type=\"email\" name=\"your-email\" \/><\/span> <\/label>\n<span class=\"wpcf7-form-control-wrap recaptcha\" data-name=\"recaptcha\"><span data-sitekey=\"6LfwbfYpAAAAAFo1v8WDomb3sjE9ATTglaCDGN2l\" class=\"wpcf7-form-control wpcf7-recaptcha g-recaptcha\"><\/span>\r\n<noscript>\r\n\t<div class=\"grecaptcha-noscript\">\r\n\t\t<iframe src=\"https:\/\/www.google.com\/recaptcha\/api\/fallback?k=6LfwbfYpAAAAAFo1v8WDomb3sjE9ATTglaCDGN2l\" frameborder=\"0\" scrolling=\"no\" width=\"310\" height=\"430\">\r\n\t\t<\/iframe>\r\n\t\t<textarea name=\"g-recaptcha-response\" rows=\"3\" cols=\"40\" placeholder=\"Aqu\u00ed la respuesta de reCAPTCHA\">\r\n\t\t<\/textarea>\r\n\t<\/div>\r\n<\/noscript>\r\n<\/span>\n<input class=\"wpcf7-form-control wpcf7-submit has-spinner\" type=\"submit\" value=\"Enviar\" \/><\/div><div class=\"wpcf7-response-output\" aria-hidden=\"true\"><\/div>\n<\/form>\n<\/div>\n[vc_empty_space height=&#8221;19px&#8221;]\t\t<\/div>\n\t<\/div>\n\t<\/div><\/div>[\/vc_column][\/vc_row][vc_row css=&#8221;.vc_custom_1718666316999{background-color: #383c4c !important;}&#8221;][vc_column width=&#8221;1\/3&#8243;]<div class=\"edgtf-elements-holder edgtf-responsive-mode-768\" ><div class=\"edgtf-elements-holder-item \" data-item-class=\"edgtf-elements-holder-custom-208416\" data-1280-1600=\"0px 4% 0px 0%\" data-1024-1280=\"0px 0% 0px 0%\" data-768-1024=\"0px 0% 0px 0%\" data-600-768=\"0px 0% 0px 0%\" data-480-600=\"0px 8% 0px 4%\" data-480=\"0px 8% 0px 4%\" >\n\t\t<div class=\"edgtf-elements-holder-item-inner\">\n\t\t<div class=\"edgtf-elements-holder-item-content edgtf-elements-holder-custom-208416\" style=\"padding: 0px 9% 0px 0%\">\n\t\t\t[vc_single_image image=&#8221;18105&#8243; img_size=&#8221;medium&#8221; alignment=&#8221;center&#8221;]\t\t<\/div>\n\t<\/div>\n\t<\/div><\/div>[\/vc_column][vc_column width=&#8221;1\/3&#8243;]<div class=\"edgtf-elements-holder edgtf-responsive-mode-768\" ><div class=\"edgtf-elements-holder-item \" data-item-class=\"edgtf-elements-holder-custom-529147\" data-1280-1600=\"10px 4% 10px 0%\" data-1024-1280=\"10px 0% 10px 0%\" data-768-1024=\"10px 0% 10px 0%\" data-600-768=\"10px 20% 10px 20%\" data-480-600=\"10px 20% 10px 20%\" data-480=\"10px 20% 10px 20%\" >\n\t\t<div class=\"edgtf-elements-holder-item-inner\">\n\t\t<div class=\"edgtf-elements-holder-item-content edgtf-elements-holder-custom-529147\" style=\"padding: 10px 9% 10px 0%\">\n\t\t\t[vc_empty_space height=&#8221;10px&#8221;][vc_column_text]<\/p>\n<h3><span style=\"color: #ffffff;\">Nosotros<\/span><\/h3>\n<p>[\/vc_column_text][vc_column_text]<span style=\"color: #ffffff;\">Estamos comprometidos con la educaci\u00f3n equitativa y el cambio positivo en la sociedad.<\/span>[\/vc_column_text][vc_empty_space height=&#8221;10px&#8221;]\t\t<\/div>\n\t<\/div>\n\t<\/div><\/div>[\/vc_column][vc_column width=&#8221;1\/3&#8243;]<div class=\"edgtf-elements-holder edgtf-responsive-mode-768\" ><div class=\"edgtf-elements-holder-item \" data-item-class=\"edgtf-elements-holder-custom-411816\" data-1280-1600=\"10px 4% 10px 0%\" data-1024-1280=\"10px 0% 10px 0%\" data-768-1024=\"10px 0% 10px 0%\" data-600-768=\"10px 20% 10px 20%\" data-480-600=\"10px 20% 10px 20%\" data-480=\"10px 20% 10px 20%\" >\n\t\t<div class=\"edgtf-elements-holder-item-inner\">\n\t\t<div class=\"edgtf-elements-holder-item-content edgtf-elements-holder-custom-411816\" style=\"padding: 10px 9% 10px 0%\">\n\t\t\t[vc_empty_space height=&#8221;10px&#8221;][vc_empty_space height=&#8221;10px&#8221;]\t\t<\/div>\n\t<\/div>\n\t<\/div><\/div>[\/vc_column][\/vc_row][vc_row][vc_column][vc_raw_html]JTNDbGluayUyMGhyZWYlM0QlMjIlMkYlMkZjZG5qcy5jbG91ZGZsYXJlLmNvbSUyRmFqYXglMkZsaWJzJTJGZm9udC1hd2Vzb21lJTJGNC43LjAlMkZjc3MlMkZmb250LWF3ZXNvbWUubWluLmNzcyUyMiUyMHJlbCUzRCUyMnN0eWxlc2hlZXQlMjIlM0UlMEElM0NzdHlsZSUzRSUwQSUyRiUyQSUyMEdlbmVyYWwlMjBzdHlsZXMlMjAlMkElMkYlMEFkaXYubXljb250YWluZXIlMjAlN0IlMEElMjAlMjB3aWR0aCUzQSUyMDEwMCUyNSUzQiUwQSUyMCUyMG92ZXJmbG93JTNBJTIwYXV0byUzQiUwQSUyMCUyMGRpc3BsYXklM0ElMjBmbGV4JTNCJTBBJTIwJTIwZmxleC13cmFwJTNBJTIwd3JhcCUzQiUwQSUyMCUyMGJhY2tncm91bmQtY29sb3IlM0ElMjAlMjMxZTczYmUlM0IlMEElN0QlMEElMEFkaXYubXljb250YWluZXIlMjBkaXYlMjAlN0IlMEElMjAlMjB3aWR0aCUzQSUyMDMzJTI1JTNCJTBBJTIwJTIwdGV4dC1hbGlnbiUzQSUyMGNlbnRlciUzQiUwQSUyMCUyMHBhZGRpbmclM0ElMjAyMHB4JTIwMCUzQiUwQSUyMCUyMGNvbG9yJTNBJTIwd2hpdGUlM0IlMEElN0QlMEElMEElMkYlMkElMjBTb2NpYWwlMjBpY29ucyUyMCUyQSUyRiUwQS5zb2NpYWwtaWNvbnMlMjAlN0IlMEElMjAlMjB0ZXh0LWFsaWduJTNBJTIwY2VudGVyJTNCJTBBJTIwJTIwcGFkZGluZy1sZWZ0JTNBJTIwMCUzQiUwQSUyMCUyMG1hcmdpbi1ib3R0b20lM0ElMjAwJTNCJTBBJTIwJTIwbGlzdC1zdHlsZSUzQSUyMG5vbmUlM0IlMEElN0QlMEElMEEuc29jaWFsLWljb25zJTIwbGklMjAlN0IlMEElMjAlMjBkaXNwbGF5JTNBJTIwaW5saW5lLWJsb2NrJTNCJTBBJTIwJTIwbWFyZ2luLWJvdHRvbSUzQSUyMDEycHglM0IlMEElN0QlMEElMEEuc29jaWFsLWljb25zJTIwYSUyMCU3QiUwQSUyMCUyMHdpZHRoJTNBJTIwNDRweCUzQiUwQSUyMCUyMGhlaWdodCUzQSUyMDQ0cHglM0IlMEElMjAlMjBiYWNrZ3JvdW5kLWNvbG9yJTNBJTIwJTIzMWU3M2JlJTNCJTBBJTIwJTIwY29sb3IlM0ElMjB3aGl0ZSUzQiUwQSUyMCUyMHRleHQtYWxpZ24lM0ElMjBjZW50ZXIlM0IlMEElMjAlMjBsaW5lLWhlaWdodCUzQSUyMDQ0cHglM0IlMEElMjAlMjBmb250LXNpemUlM0ElMjAyNHB4JTNCJTBBJTIwJTIwZGlzcGxheSUzQSUyMGlubGluZS1ibG9jayUzQiUwQSUyMCUyMGJvcmRlci1yYWRpdXMlM0ElMjA1MCUyNSUzQiUwQSUyMCUyMC13ZWJraXQtdHJhbnNpdGlvbiUzQSUyMGFsbCUyMC4ycyUyMGxpbmVhciUzQiUwQSUyMCUyMC1vLXRyYW5zaXRpb24lM0ElMjBhbGwlMjAuMnMlMjBsaW5lYXIlM0IlMEElMjAlMjB0cmFuc2l0aW9uJTNBJTIwYWxsJTIwLjJzJTIwbGluZWFyJTNCJTBBJTdEJTBBJTBBLnNvY2lhbC1pY29ucyUyMGElM0FhY3RpdmUlMkMlMjAuc29jaWFsLWljb25zJTIwYSUzQWZvY3VzJTJDJTIwLnNvY2lhbC1pY29ucyUyMGElM0Fob3ZlciUyMCU3QiUwQSUyMCUyMGNvbG9yJTNBJTIwJTIzZmZmJTNCJTBBJTIwJTIwYmFja2dyb3VuZC1jb2xvciUzQSUyMCUyMzFlNzNiZSUzQiUwQSU3RCUwQSUwQS5zb2NpYWwtaWNvbnMlMjBhLmZhY2Vib29rJTNBaG92ZXIlMjAlN0IlMEElMjAlMjBiYWNrZ3JvdW5kLWNvbG9yJTNBJTIwJTIzM2I1OTk4JTNCJTBBJTdEJTBBJTBBLnNvY2lhbC1pY29ucyUyMGEudHdpdHRlciUzQWhvdmVyJTIwJTdCJTBBJTIwJTIwYmFja2dyb3VuZC1jb2xvciUzQSUyMCUyMzAwYWNlZCUzQiUwQSU3RCUwQSUwQS5zb2NpYWwtaWNvbnMlMjBhLmluc3RhZ3JhbSUzQWhvdmVyJTIwJTdCJTBBJTIwJTIwYmFja2dyb3VuZC1jb2xvciUzQSUyMCUyM2YwMDA3NyUzQiUwQSU3RCUwQSUwQSUyRiUyQSUyME1lZGlhJTIwcXVlcmllcyUyMGZvciUyMHJlc3BvbnNpdmUlMjBkZXNpZ24lMjAlMkElMkYlMEElNDBtZWRpYSUyMCUyOG1heC13aWR0aCUzQSUyMDk5MXB4JTI5JTIwJTdCJTBBJTIwJTIwZGl2Lm15Y29udGFpbmVyJTIwZGl2JTIwJTdCJTBBJTIwJTIwJTIwJTIwd2lkdGglM0ElMjA1MCUyNSUzQiUwQSUyMCUyMCU3RCUwQSU3RCUwQSUwQSU0MG1lZGlhJTIwJTI4bWF4LXdpZHRoJTNBJTIwNzY3cHglMjklMjAlN0IlMEElMjAlMjBkaXYubXljb250YWluZXIlMjBkaXYlMjAlN0IlMEElMjAlMjAlMjAlMjB3aWR0aCUzQSUyMDEwMCUyNSUzQiUwQSUyMCUyMCU3RCUwQSU3RCUwQSUzQyUyRnN0eWxlJTNFJTBBJTBBJTNDZGl2JTIwY2xhc3MlM0QlMjJteWNvbnRhaW5lciUyMiUzRSUwQSUyMCUyMCUzQ2RpdiUzRSUwQSUyMCUyMCUyMCUyMCUzQ3AlM0UlQzIlQTklMjAyMDI2JTIwRnVuZGFjaSVDMyVCM24lMjBFZHVhcmRvJTIwSi4lMjBWZWxhJTIwUnVpeiUzQyUyRnAlM0UlMEElMjAlMjAlMjAlMjAlM0NwJTIwc3R5bGUlM0QlMjJjb2xvciUzQXdoaXRlJTNCdGV4dC1kZWNvcmF0aW9uJTNBJTIwdW5kZXJsaW5lJTNCJTIyJTNFJTNDYSUyMGhyZWYlM0QlMjJodHRwcyUzQSUyRiUyRmVkdWFyZG92ZWxhcnVpei5vcmclMkYlM0ZwYWdlX2lkJTNEMTg4OTIlMjIlMjB0YXJnZXQlM0QlMjJfYmxhbmslMjIlMjBzdHlsZSUzRCUyMmNvbG9yJTNBd2hpdGUlM0IlMjIlM0VQb2wlQzMlQUR0aWNhJTIwZGUlMjBQcm90ZWNjaSVDMyVCM24lMjBkZSUyMERhdG9zJTNDJTJGYSUzRSUzQyUyRnAlM0UlMEElMjAlMjAlM0MlMkZkaXYlM0UlMEElMjAlMjAlMEElMjAlMjAlM0NkaXYlM0UlMEElMjAlMjAlMjAlMjAlM0N1bCUyMGNsYXNzJTNEJTIyc29jaWFsLWljb25zJTIyJTNFJTBBJTIwJTIwJTIwJTIwJTIwJTIwJTNDbGklM0UlM0NhJTIwY2xhc3MlM0QlMjJpbnN0YWdyYW0lMjIlMjBocmVmJTNEJTIyaHR0cHMlM0ElMkYlMkZ3d3cuaW5zdGFncmFtLmNvbSUyRmZ1bmRhY2lvbmVkdWFyZG92ZWxhJTNGaWdzaCUzRFpXRjRlbUppT0c0MmIzbGslMjIlMjB0YXJnZXQlM0QlMjJfYmxhbmslMjIlM0UlM0NpJTIwY2xhc3MlM0QlMjJmYSUyMGZhLWluc3RhZ3JhbSUyMiUzRSUzQyUyRmklM0UlM0MlMkZhJTNFJTNDJTJGbGklM0UlMEElMjAlMjAlMjAlMjAlMjAlMjAlM0NsaSUzRSUzQ2ElMjBjbGFzcyUzRCUyMmZhY2Vib29rJTIyJTIwaHJlZiUzRCUyMmh0dHBzJTNBJTJGJTJGd3d3LmZhY2Vib29rLmNvbSUyRkZ1bmRhY2lvbkVkdWFyZG9Kb3NlVmVsYVJ1aXolMjIlMjB0YXJnZXQlM0QlMjJfYmxhbmslMjIlM0UlM0NpJTIwY2xhc3MlM0QlMjJmYSUyMGZhLWZhY2Vib29rJTIyJTNFJTNDJTJGaSUzRSUzQyUyRmElM0UlM0MlMkZsaSUzRSUwQSUyMCUyMCUyMCUyMCUyMCUyMCUzQ2xpJTNFJTNDYSUyMGNsYXNzJTNEJTIybGlua2VkaW4lMjIlMjBocmVmJTNEJTIyaHR0cHMlM0ElMkYlMkZ3d3cubGlua2VkaW4uY29tJTJGY29tcGFueSUyRmZ1bmRhY2lvbmVkdWFyZG9qb3NldmVsYXJ1aXolMkZwb3N0cyUyRiUyMiUyMHRhcmdldCUzRCUyMl9ibGFuayUyMiUzRSUzQ2klMjBjbGFzcyUzRCUyMmZhJTIwZmEtbGlua2VkaW4lMjIlM0UlM0MlMkZpJTNFJTNDJTJGYSUzRSUzQyUyRmxpJTNFJTBBJTIwJTIwJTIwJTIwJTNDJTJGdWwlM0UlMEElMjAlMjAlM0MlMkZkaXYlM0UlMEElMjAlMjAlMEElMjAlMjAlM0NkaXYlM0UlMEElMjAlMjAlMjAlMjAlM0NwJTNFVG9kb3MlMjBsb3MlMjBkZXJlY2hvcyUyMHJlc2VydmFkb3MlM0MlMkZwJTNFJTBBJTIwJTIwJTNDJTJGZGl2JTNFJTBBJTNDJTJGZGl2JTNFJTBB[\/vc_raw_html][\/vc_column][\/vc_row]<\/p>\n<\/div>","protected":false},"excerpt":{"rendered":"<p>[vc_row content_width=&#8221;grid&#8221; css=&#8221;.vc_custom_1491468920212{padding-bottom: 30px !important;}&#8221;][vc_column offset=&#8221;vc_col-lg-6 vc_col-md-6 vc_col-xs-12&#8243;][vc_column_text] Comun\u00edcate con nosotros [\/vc_column_text][vc_column_text]Nos encantar\u00eda conocer tus comentarios y que formes parte de este equipo. Comp\u00e1rtenos tu informaci\u00f3n y nos pondremos en contacto contigo.[\/vc_column_text][vc_empty_space height=&#8221;60px&#8221;][vc_empty_space height=&#8221;60px&#8221;][\/vc_column][vc_column offset=&#8221;vc_col-lg-6 vc_col-md-6 vc_col-xs-12&#8243;][vc_column_text] O si prefieres enviar un correo a: [\/vc_column_text][vc_column_text][\/vc_column_text][vc_empty_space height=&#8221;35px&#8221;][vc_empty_space height=&#8221;60px&#8221;][\/vc_column][\/vc_row][vc_row content_width=&#8221;grid&#8221; css=&#8221;.vc_custom_1719502920907{padding-top: 70px !important;padding-bottom: 70px !important;background-image: url(https:\/\/eduardovelaruiz.org\/wp-content\/uploads\/2017\/03\/h6-background-img-1.jpg?id=14536) !important;}&#8221;&#8230;<\/p>\n","protected":false},"author":1,"featured_media":0,"parent":0,"menu_order":0,"comment_status":"closed","ping_status":"closed","template":"full-width.php","meta":{"give_campaign_id":0,"footnotes":""},"class_list":["post-13941","page","type-page","status-publish","hentry"],"campaignId":"","_links":{"self":[{"href":"https:\/\/eduardovelaruiz.org\/index.php?rest_route=\/wp\/v2\/pages\/13941","targetHints":{"allow":["GET"]}}],"collection":[{"href":"https:\/\/eduardovelaruiz.org\/index.php?rest_route=\/wp\/v2\/pages"}],"about":[{"href":"https:\/\/eduardovelaruiz.org\/index.php?rest_route=\/wp\/v2\/types\/page"}],"author":[{"embeddable":true,"href":"https:\/\/eduardovelaruiz.org\/index.php?rest_route=\/wp\/v2\/users\/1"}],"replies":[{"embeddable":true,"href":"https:\/\/eduardovelaruiz.org\/index.php?rest_route=%2Fwp%2Fv2%2Fcomments&post=13941"}],"version-history":[{"count":71,"href":"https:\/\/eduardovelaruiz.org\/index.php?rest_route=\/wp\/v2\/pages\/13941\/revisions"}],"predecessor-version":[{"id":18918,"href":"https:\/\/eduardovelaruiz.org\/index.php?rest_route=\/wp\/v2\/pages\/13941\/revisions\/18918"}],"wp:attachment":[{"href":"https:\/\/eduardovelaruiz.org\/index.php?rest_route=%2Fwp%2Fv2%2Fmedia&parent=13941"}],"curies":[{"name":"wp","href":"https:\/\/api.w.org\/{rel}","templated":true}]}}